{"id":410,"date":"2022-06-28T18:59:26","date_gmt":"2022-06-28T18:59:26","guid":{"rendered":"http:\/\/domkiubiesiady.pl\/?page_id=410"},"modified":"2022-06-28T19:12:08","modified_gmt":"2022-06-28T19:12:08","slug":"nasza-posesja","status":"publish","type":"page","link":"http:\/\/domkiubiesiady.pl\/index.php\/nasza-posesja\/","title":{"rendered":"Nasza posesja"},"content":{"rendered":"\t\t<div data-elementor-type=\"wp-page\" data-elementor-id=\"410\" class=\"elementor elementor-410\">\n\t\t\t\t\t\t\t\t\t<section class=\"elementor-section elementor-top-section elementor-element elementor-element-b9c1b0b elementor-section-boxed elementor-section-height-default elementor-section-height-default\" data-id=\"b9c1b0b\" data-element_type=\"section\">\n\t\t\t\t\t\t<div class=\"elementor-container elementor-column-gap-default\">\n\t\t\t\t\t<div class=\"elementor-column elementor-col-100 elementor-top-column elementor-element elementor-element-7954603\" data-id=\"7954603\" data-element_type=\"column\">\n\t\t\t<div class=\"elementor-widget-wrap elementor-element-populated\">\n\t\t\t\t\t\t\t\t<div class=\"elementor-element elementor-element-58c0113 elementor-widget elementor-widget-heading\" data-id=\"58c0113\" data-element_type=\"widget\" data-settings=\"{&quot;_animation&quot;:&quot;none&quot;}\" data-widget_type=\"heading.default\">\n\t\t\t\t<div class=\"elementor-widget-container\">\n\t\t\t<style>\/*! elementor - v3.6.5 - 27-04-2022 *\/\n.elementor-heading-title{padding:0;margin:0;line-height:1}.elementor-widget-heading .elementor-heading-title[class*=elementor-size-]>a{color:inherit;font-size:inherit;line-height:inherit}.elementor-widget-heading .elementor-heading-title.elementor-size-small{font-size:15px}.elementor-widget-heading .elementor-heading-title.elementor-size-medium{font-size:19px}.elementor-widget-heading .elementor-heading-title.elementor-size-large{font-size:29px}.elementor-widget-heading .elementor-heading-title.elementor-size-xl{font-size:39px}.elementor-widget-heading .elementor-heading-title.elementor-size-xxl{font-size:59px}<\/style><h2 class=\"elementor-heading-title elementor-size-default\">Miejsce na ognisko - grill oraz raj dla w\u0119dkarzy nad rzek\u0105 San<\/h2>\t\t<\/div>\n\t\t\t\t<\/div>\n\t\t\t\t<div class=\"elementor-element elementor-element-f24bbcb elementor-widget elementor-widget-text-editor\" data-id=\"f24bbcb\" data-element_type=\"widget\" data-settings=\"{&quot;_animation&quot;:&quot;none&quot;}\" data-widget_type=\"text-editor.default\">\n\t\t\t\t<div class=\"elementor-widget-container\">\n\t\t\t<style>\/*! elementor - v3.6.5 - 27-04-2022 *\/\n.elementor-widget-text-editor.elementor-drop-cap-view-stacked .elementor-drop-cap{background-color:#818a91;color:#fff}.elementor-widget-text-editor.elementor-drop-cap-view-framed .elementor-drop-cap{color:#818a91;border:3px solid;background-color:transparent}.elementor-widget-text-editor:not(.elementor-drop-cap-view-default) .elementor-drop-cap{margin-top:8px}.elementor-widget-text-editor:not(.elementor-drop-cap-view-default) .elementor-drop-cap-letter{width:1em;height:1em}.elementor-widget-text-editor .elementor-drop-cap{float:left;text-align:center;line-height:1;font-size:50px}.elementor-widget-text-editor .elementor-drop-cap-letter{display:inline-block}<\/style>\t\t\t\t<p><!-- wp:paragraph --><\/p><p>Dla wygody naszych Go\u015bci, 100 metr\u00f3w od domk\u00f3w przygotowali\u015bmy miejsce, kt\u00f3re jest bezpo\u015brednio po\u0142o\u017cone nad rzek\u0105 San, wyposa\u017cone w wygodne \u0142aweczki oraz st\u00f3\u0142.<br \/>Miejsce idealne dla w\u0119dkarzy, ale r\u00f3wnie\u017c dla tych, kt\u00f3rzy chc\u0105 zobaczy\u0107 \u0142ab\u0119dzie, czaple, dzikie kaczki lub tylko obcowa\u0107 z bieszczadzk\u0105 natur\u0105.<\/p><p><!-- \/wp:paragraph --><\/p>\t\t\t\t\t\t<\/div>\n\t\t\t\t<\/div>\n\t\t\t\t\t<\/div>\n\t\t<\/div>\n\t\t\t\t\t\t\t<\/div>\n\t\t<\/section>\n\t\t\t\t<section class=\"elementor-section elementor-top-section elementor-element elementor-element-4945c1c elementor-section-boxed elementor-section-height-default elementor-section-height-default\" data-id=\"4945c1c\" data-element_type=\"section\">\n\t\t\t\t\t\t<div class=\"elementor-container elementor-column-gap-default\">\n\t\t\t\t\t<div class=\"elementor-column elementor-col-100 elementor-top-column elementor-element elementor-element-3d8da57\" data-id=\"3d8da57\" data-element_type=\"column\">\n\t\t\t<div class=\"elementor-widget-wrap elementor-element-populated\">\n\t\t\t\t\t\t\t\t<div class=\"elementor-element elementor-element-11c678c elementor-widget elementor-widget-image-gallery\" data-id=\"11c678c\" data-element_type=\"widget\" data-widget_type=\"image-gallery.default\">\n\t\t\t\t<div class=\"elementor-widget-container\">\n\t\t\t<style>\/*! elementor - v3.6.5 - 27-04-2022 *\/\n.elementor-image-gallery .gallery-item{display:inline-block;text-align:center;vertical-align:top;width:100%;max-width:100%;margin:0 auto}.elementor-image-gallery .gallery-item img{margin:0 auto}.elementor-image-gallery .gallery-item .gallery-caption{margin:0}.elementor-image-gallery figure img{display:block}.elementor-image-gallery figure figcaption{width:100%}.gallery-spacing-custom .elementor-image-gallery .gallery-icon{padding:0}@media (min-width:768px){.elementor-image-gallery .gallery-columns-2 .gallery-item{max-width:50%}.elementor-image-gallery .gallery-columns-3 .gallery-item{max-width:33.33%}.elementor-image-gallery .gallery-columns-4 .gallery-item{max-width:25%}.elementor-image-gallery .gallery-columns-5 .gallery-item{max-width:20%}.elementor-image-gallery .gallery-columns-6 .gallery-item{max-width:16.666%}.elementor-image-gallery .gallery-columns-7 .gallery-item{max-width:14.28%}.elementor-image-gallery .gallery-columns-8 .gallery-item{max-width:12.5%}.elementor-image-gallery .gallery-columns-9 .gallery-item{max-width:11.11%}.elementor-image-gallery .gallery-columns-10 .gallery-item{max-width:10%}}@media (min-width:480px) and (max-width:767px){.elementor-image-gallery .gallery.gallery-columns-2 .gallery-item,.elementor-image-gallery .gallery.gallery-columns-3 .gallery-item,.elementor-image-gallery .gallery.gallery-columns-4 .gallery-item,.elementor-image-gallery .gallery.gallery-columns-5 .gallery-item,.elementor-image-gallery .gallery.gallery-columns-6 .gallery-item,.elementor-image-gallery .gallery.gallery-columns-7 .gallery-item,.elementor-image-gallery .gallery.gallery-columns-8 .gallery-item,.elementor-image-gallery .gallery.gallery-columns-9 .gallery-item,.elementor-image-gallery .gallery.gallery-columns-10 .gallery-item{max-width:50%}}@media (max-width:479px){.elementor-image-gallery .gallery.gallery-columns-2 .gallery-item,.elementor-image-gallery .gallery.gallery-columns-3 .gallery-item,.elementor-image-gallery .gallery.gallery-columns-4 .gallery-item,.elementor-image-gallery .gallery.gallery-columns-5 .gallery-item,.elementor-image-gallery .gallery.gallery-columns-6 .gallery-item,.elementor-image-gallery .gallery.gallery-columns-7 .gallery-item,.elementor-image-gallery .gallery.gallery-columns-8 .gallery-item,.elementor-image-gallery .gallery.gallery-columns-9 .gallery-item,.elementor-image-gallery .gallery.gallery-columns-10 .gallery-item{max-width:100%}}<\/style>\t\t<div class=\"elementor-image-gallery\">\n\t\t\t<div id='gallery-1' class='gallery galleryid-410 gallery-columns-3 gallery-size-full'><figure class='gallery-item'>\n\t\t\t<div class='gallery-icon landscape'>\n\t\t\t\t<a data-elementor-open-lightbox=\"yes\" data-elementor-lightbox-slideshow=\"11c678c\" data-elementor-lightbox-title=\"DSC_5160\" e-action-hash=\"#elementor-action%3Aaction%3Dlightbox%26settings%3DeyJpZCI6NDE1LCJ1cmwiOiJodHRwOlwvXC9kb21raXViaWVzaWFkeS5wbFwvd3AtY29udGVudFwvdXBsb2Fkc1wvMjAyMlwvMDZcL0RTQ181MTYwLmpwZyIsInNsaWRlc2hvdyI6IjExYzY3OGMifQ%3D%3D\" href='http:\/\/domkiubiesiady.pl\/wp-content\/uploads\/2022\/06\/DSC_5160.jpg'><img loading=\"lazy\" decoding=\"async\" width=\"1250\" height=\"832\" src=\"http:\/\/domkiubiesiady.pl\/wp-content\/uploads\/2022\/06\/DSC_5160.jpg\" class=\"attachment-full size-full\" alt=\"\" srcset=\"http:\/\/domkiubiesiady.pl\/wp-content\/uploads\/2022\/06\/DSC_5160.jpg 1250w, http:\/\/domkiubiesiady.pl\/wp-content\/uploads\/2022\/06\/DSC_5160-300x200.jpg 300w, http:\/\/domkiubiesiady.pl\/wp-content\/uploads\/2022\/06\/DSC_5160-1024x682.jpg 1024w, http:\/\/domkiubiesiady.pl\/wp-content\/uploads\/2022\/06\/DSC_5160-768x511.jpg 768w\" sizes=\"(max-width: 1250px) 100vw, 1250px\" \/><\/a>\n\t\t\t<\/div><\/figure><figure class='gallery-item'>\n\t\t\t<div class='gallery-icon landscape'>\n\t\t\t\t<a data-elementor-open-lightbox=\"yes\" data-elementor-lightbox-slideshow=\"11c678c\" data-elementor-lightbox-title=\"DSC_5163\" e-action-hash=\"#elementor-action%3Aaction%3Dlightbox%26settings%3DeyJpZCI6NDE2LCJ1cmwiOiJodHRwOlwvXC9kb21raXViaWVzaWFkeS5wbFwvd3AtY29udGVudFwvdXBsb2Fkc1wvMjAyMlwvMDZcL0RTQ181MTYzLmpwZyIsInNsaWRlc2hvdyI6IjExYzY3OGMifQ%3D%3D\" href='http:\/\/domkiubiesiady.pl\/wp-content\/uploads\/2022\/06\/DSC_5163.jpg'><img loading=\"lazy\" decoding=\"async\" width=\"1250\" height=\"832\" src=\"http:\/\/domkiubiesiady.pl\/wp-content\/uploads\/2022\/06\/DSC_5163.jpg\" class=\"attachment-full size-full\" alt=\"\" srcset=\"http:\/\/domkiubiesiady.pl\/wp-content\/uploads\/2022\/06\/DSC_5163.jpg 1250w, http:\/\/domkiubiesiady.pl\/wp-content\/uploads\/2022\/06\/DSC_5163-300x200.jpg 300w, http:\/\/domkiubiesiady.pl\/wp-content\/uploads\/2022\/06\/DSC_5163-1024x682.jpg 1024w, http:\/\/domkiubiesiady.pl\/wp-content\/uploads\/2022\/06\/DSC_5163-768x511.jpg 768w\" sizes=\"(max-width: 1250px) 100vw, 1250px\" \/><\/a>\n\t\t\t<\/div><\/figure><figure class='gallery-item'>\n\t\t\t<div class='gallery-icon landscape'>\n\t\t\t\t<a data-elementor-open-lightbox=\"yes\" data-elementor-lightbox-slideshow=\"11c678c\" data-elementor-lightbox-title=\"DSC_5167\" e-action-hash=\"#elementor-action%3Aaction%3Dlightbox%26settings%3DeyJpZCI6NDE3LCJ1cmwiOiJodHRwOlwvXC9kb21raXViaWVzaWFkeS5wbFwvd3AtY29udGVudFwvdXBsb2Fkc1wvMjAyMlwvMDZcL0RTQ181MTY3LmpwZyIsInNsaWRlc2hvdyI6IjExYzY3OGMifQ%3D%3D\" href='http:\/\/domkiubiesiady.pl\/wp-content\/uploads\/2022\/06\/DSC_5167.jpg'><img loading=\"lazy\" decoding=\"async\" width=\"1250\" height=\"832\" src=\"http:\/\/domkiubiesiady.pl\/wp-content\/uploads\/2022\/06\/DSC_5167.jpg\" class=\"attachment-full size-full\" alt=\"\" srcset=\"http:\/\/domkiubiesiady.pl\/wp-content\/uploads\/2022\/06\/DSC_5167.jpg 1250w, http:\/\/domkiubiesiady.pl\/wp-content\/uploads\/2022\/06\/DSC_5167-300x200.jpg 300w, http:\/\/domkiubiesiady.pl\/wp-content\/uploads\/2022\/06\/DSC_5167-1024x682.jpg 1024w, http:\/\/domkiubiesiady.pl\/wp-content\/uploads\/2022\/06\/DSC_5167-768x511.jpg 768w\" sizes=\"(max-width: 1250px) 100vw, 1250px\" \/><\/a>\n\t\t\t<\/div><\/figure><figure class='gallery-item'>\n\t\t\t<div class='gallery-icon landscape'>\n\t\t\t\t<a data-elementor-open-lightbox=\"yes\" data-elementor-lightbox-slideshow=\"11c678c\" data-elementor-lightbox-title=\"DSC_5175\" e-action-hash=\"#elementor-action%3Aaction%3Dlightbox%26settings%3DeyJpZCI6NDIwLCJ1cmwiOiJodHRwOlwvXC9kb21raXViaWVzaWFkeS5wbFwvd3AtY29udGVudFwvdXBsb2Fkc1wvMjAyMlwvMDZcL0RTQ181MTc1LmpwZyIsInNsaWRlc2hvdyI6IjExYzY3OGMifQ%3D%3D\" href='http:\/\/domkiubiesiady.pl\/wp-content\/uploads\/2022\/06\/DSC_5175.jpg'><img loading=\"lazy\" decoding=\"async\" width=\"1250\" height=\"832\" src=\"http:\/\/domkiubiesiady.pl\/wp-content\/uploads\/2022\/06\/DSC_5175.jpg\" class=\"attachment-full size-full\" alt=\"\" srcset=\"http:\/\/domkiubiesiady.pl\/wp-content\/uploads\/2022\/06\/DSC_5175.jpg 1250w, http:\/\/domkiubiesiady.pl\/wp-content\/uploads\/2022\/06\/DSC_5175-300x200.jpg 300w, http:\/\/domkiubiesiady.pl\/wp-content\/uploads\/2022\/06\/DSC_5175-1024x682.jpg 1024w, http:\/\/domkiubiesiady.pl\/wp-content\/uploads\/2022\/06\/DSC_5175-768x511.jpg 768w\" sizes=\"(max-width: 1250px) 100vw, 1250px\" \/><\/a>\n\t\t\t<\/div><\/figure><figure class='gallery-item'>\n\t\t\t<div class='gallery-icon landscape'>\n\t\t\t\t<a data-elementor-open-lightbox=\"yes\" data-elementor-lightbox-slideshow=\"11c678c\" data-elementor-lightbox-title=\"DSC_5181\" e-action-hash=\"#elementor-action%3Aaction%3Dlightbox%26settings%3DeyJpZCI6NDIzLCJ1cmwiOiJodHRwOlwvXC9kb21raXViaWVzaWFkeS5wbFwvd3AtY29udGVudFwvdXBsb2Fkc1wvMjAyMlwvMDZcL0RTQ181MTgxLmpwZyIsInNsaWRlc2hvdyI6IjExYzY3OGMifQ%3D%3D\" href='http:\/\/domkiubiesiady.pl\/wp-content\/uploads\/2022\/06\/DSC_5181.jpg'><img loading=\"lazy\" decoding=\"async\" width=\"1250\" height=\"832\" src=\"http:\/\/domkiubiesiady.pl\/wp-content\/uploads\/2022\/06\/DSC_5181.jpg\" class=\"attachment-full size-full\" alt=\"\" srcset=\"http:\/\/domkiubiesiady.pl\/wp-content\/uploads\/2022\/06\/DSC_5181.jpg 1250w, http:\/\/domkiubiesiady.pl\/wp-content\/uploads\/2022\/06\/DSC_5181-300x200.jpg 300w, http:\/\/domkiubiesiady.pl\/wp-content\/uploads\/2022\/06\/DSC_5181-1024x682.jpg 1024w, http:\/\/domkiubiesiady.pl\/wp-content\/uploads\/2022\/06\/DSC_5181-768x511.jpg 768w\" sizes=\"(max-width: 1250px) 100vw, 1250px\" \/><\/a>\n\t\t\t<\/div><\/figure><figure class='gallery-item'>\n\t\t\t<div class='gallery-icon landscape'>\n\t\t\t\t<a data-elementor-open-lightbox=\"yes\" data-elementor-lightbox-slideshow=\"11c678c\" data-elementor-lightbox-title=\"DSC_5185\" e-action-hash=\"#elementor-action%3Aaction%3Dlightbox%26settings%3DeyJpZCI6NDI0LCJ1cmwiOiJodHRwOlwvXC9kb21raXViaWVzaWFkeS5wbFwvd3AtY29udGVudFwvdXBsb2Fkc1wvMjAyMlwvMDZcL0RTQ181MTg1LmpwZyIsInNsaWRlc2hvdyI6IjExYzY3OGMifQ%3D%3D\" href='http:\/\/domkiubiesiady.pl\/wp-content\/uploads\/2022\/06\/DSC_5185.jpg'><img loading=\"lazy\" decoding=\"async\" width=\"1250\" height=\"832\" src=\"http:\/\/domkiubiesiady.pl\/wp-content\/uploads\/2022\/06\/DSC_5185.jpg\" class=\"attachment-full size-full\" alt=\"\" srcset=\"http:\/\/domkiubiesiady.pl\/wp-content\/uploads\/2022\/06\/DSC_5185.jpg 1250w, http:\/\/domkiubiesiady.pl\/wp-content\/uploads\/2022\/06\/DSC_5185-300x200.jpg 300w, http:\/\/domkiubiesiady.pl\/wp-content\/uploads\/2022\/06\/DSC_5185-1024x682.jpg 1024w, http:\/\/domkiubiesiady.pl\/wp-content\/uploads\/2022\/06\/DSC_5185-768x511.jpg 768w\" sizes=\"(max-width: 1250px) 100vw, 1250px\" \/><\/a>\n\t\t\t<\/div><\/figure>\n\t\t<\/div>\n\t\t<\/div>\n\t\t\t\t<\/div>\n\t\t\t\t<\/div>\n\t\t\t\t\t<\/div>\n\t\t<\/div>\n\t\t\t\t\t\t\t<\/div>\n\t\t<\/section>\n\t\t\t\t\t\t\t<\/div>\n\t\t","protected":false},"excerpt":{"rendered":"<p>Miejsce na ognisko &#8211; grill oraz raj dla w\u0119dkarzy nad rzek\u0105 San Dla wygody naszych Go\u015bci, 100 metr\u00f3w od domk\u00f3w przygotowali\u015bmy miejsce, kt\u00f3re jest bezpo\u015brednio po\u0142o\u017cone nad rzek\u0105 San, wyposa\u017cone w wygodne \u0142aweczki oraz st\u00f3\u0142.Miejsce idealne dla w\u0119dkarzy, ale r\u00f3wnie\u017c dla tych, kt\u00f3rzy chc\u0105 zobaczy\u0107 \u0142ab\u0119dzie, czaple, dzikie kaczki lub tylko obcowa\u0107 z bieszczadzk\u0105 natur\u0105.<\/p>\n","protected":false},"author":1,"featured_media":0,"parent":0,"menu_order":0,"comment_status":"closed","ping_status":"closed","template":"","meta":{"footnotes":""},"_links":{"self":[{"href":"http:\/\/domkiubiesiady.pl\/index.php\/wp-json\/wp\/v2\/pages\/410"}],"collection":[{"href":"http:\/\/domkiubiesiady.pl\/index.php\/wp-json\/wp\/v2\/pages"}],"about":[{"href":"http:\/\/domkiubiesiady.pl\/index.php\/wp-json\/wp\/v2\/types\/page"}],"author":[{"embeddable":true,"href":"http:\/\/domkiubiesiady.pl\/index.php\/wp-json\/wp\/v2\/users\/1"}],"replies":[{"embeddable":true,"href":"http:\/\/domkiubiesiady.pl\/index.php\/wp-json\/wp\/v2\/comments?post=410"}],"version-history":[{"count":7,"href":"http:\/\/domkiubiesiady.pl\/index.php\/wp-json\/wp\/v2\/pages\/410\/revisions"}],"predecessor-version":[{"id":427,"href":"http:\/\/domkiubiesiady.pl\/index.php\/wp-json\/wp\/v2\/pages\/410\/revisions\/427"}],"wp:attachment":[{"href":"http:\/\/domkiubiesiady.pl\/index.php\/wp-json\/wp\/v2\/media?parent=410"}],"curies":[{"name":"wp","href":"https:\/\/api.w.org\/{rel}","templated":true}]}}